{"id":119,"date":"2018-01-25T16:22:49","date_gmt":"2018-01-25T16:22:49","guid":{"rendered":"http:\/\/www.ros-software.de\/wpcms\/?page_id=119"},"modified":"2023-10-27T14:18:06","modified_gmt":"2023-10-27T14:18:06","slug":"teatro-3-download-de","status":"publish","type":"page","link":"https:\/\/www.ros-software.de\/wpcms\/de\/teatro-3-download-de\/","title":{"rendered":"Teatro 3 Download"},"content":{"rendered":"<div><span style=\"font-size: 20px;\">Teatro 3 f\u00fcr Windows XP\/7\/8\/8.1\/10 (32\/64Bit):<\/span><\/div>\n<div><\/div>\n<div><span class=\"rvts48\" style=\"font-size: 16px;\"><a class=\"medium blue awesome\" href=\"http:\/\/www.ros-software.de\/download\/Teatro%203.6.9%20Setup.exe\">Teatro 3.6.9<\/a><\/span><\/div>\n<div><span class=\"rvts48\" style=\"font-size: 12px;\"><span class=\"rvts56\"><span class=\"rvts8\">(Ohne Lizenz ist diese Version ohne Einschr\u00e4nkungen f\u00fcr 30 Tage lauff\u00e4hig)<\/span><\/span><\/span><\/div>\n<p><span class=\"rvts48\" style=\"font-size: 12px;\"><span class=\"rvts8\">Gr\u00f6sse: ca. 16MB (alle Bedienungsanleitungen bereits enthalten)<\/span><\/span><\/p>\n<hr \/>\n<p><span style=\"font-size: 16px;\"><span class=\"rvts48\"><span class=\"rvts0\">GPI\/O Treiber:<br \/>\n<\/span><\/span><a class=\"small blue awesome\" href=\"http:\/\/www.ros-software.de\/download\/GPIO_Teatro_3_4_5_for_Win7_8_10_11.zip\">Teatro 3 und 4 f\u00fcr Windows 7\/8\/10\/11<br \/>\n<\/a><a class=\"small blue awesome\" href=\"http:\/\/www.ros-software.de\/download\/GPIO_Teatro_3_WinXP.zip\">Teatro 3 f\u00fcr Windows XP<br \/>\n<\/a><a class=\"small blue awesome\" href=\"http:\/\/www.ros-software.de\/download\/GPIO_Teatro_4_WinXP.zip\">Teatro 4 f\u00fcr Windows XP<\/a><\/span><\/p>\n<hr \/>\n<p><span class=\"rvts48\" style=\"font-size: 16px;\"><span class=\"rvts0\">Bedienungsanleitungen:<\/span><br \/>\n<\/span><span style=\"font-size: 16px;\"><a class=\"small blue awesome\" href=\"http:\/\/www.ros-software.de\/download\/Teatro%20Handbuch.pdf\">Teatro Bedienungsanleitung Version 3.x (PDF)<br \/>\n<\/a><\/span><span class=\"rvts48\" style=\"font-size: 16px;\"><a class=\"small blue awesome\" href=\"http:\/\/www.ros-software.de\/download\/Teatro%20Touchscreen%20TS-1%20D.PDF\">Bedienungsanleitung f\u00fcr Teatro Touchscreen TS-1 (PDF)<br \/>\n<\/a><\/span><span class=\"rvts48\" style=\"font-size: 16px;\"><a class=\"small blue awesome\" href=\"http:\/\/www.ros-software.de\/download\/Teatro%20Touchscreen%20TS-19%20D.PDF\">Bedienungsanleitung f\u00fcr Teatro Touchscreen TS-19 (PDF)<br \/>\n<\/a><\/span><span style=\"font-size: 16px;\"><a class=\"small blue awesome\" href=\"http:\/\/www.ros-software.de\/download\/Teatro%20X-Keys%20Remote%20Controllers.pdf\">Bedienungsanleitung f\u00fcr Teatro X-Keys Fernbedienungen (PDF)<br \/>\n<\/a><\/span><span class=\"rvts48\" style=\"font-size: 16px;\"><a class=\"small blue awesome\" href=\"http:\/\/www.ros-software.de\/download\/Teatro%20X-Keys%20128%20+%20TD-1%20Display%20D.pdf\">Bedienungsanleitung f\u00fcr Teatro X-Keys 128 Controller &amp; TD-1 Display (PDF)<br \/>\n<\/a><\/span><span class=\"rvts48\" style=\"font-size: 16px;\"><a class=\"small blue awesome\" href=\"http:\/\/www.ros-software.de\/download\/Teatro%20Remote%20TR-1%20D.PDF\">Bedienungsanleitung f\u00fcr Teatro\u00a0TR-1\u00a0Remote (PDF)<br \/>\n<\/a><\/span><span class=\"rvts48\" style=\"font-size: 16px;\"><a class=\"small blue awesome\" href=\"http:\/\/www.ros-software.de\/download\/Teatro%20Remote%20TR-2%20D.PDF\">Bedienungsanleitung f\u00fcr Teatro\u00a0TR-2\u00a0Remote (PDF)<\/a><\/span><\/p>\n<p><span class=\"rvts56\" style=\"font-size: 12px;\"><span class=\"rvts8\">Zum anzeigen und lesen dieser PDF Dateien, muss ein PDF Reader auf Ihrem PC installiert sein.<\/span><\/span><\/p>\n","protected":false},"excerpt":{"rendered":"<p>Teatro 3 f\u00fcr Windows XP\/7\/8\/8.1\/10 (32\/64Bit): Teatro 3.6.9 (Ohne Lizenz ist diese Version ohne Einschr\u00e4nkungen f\u00fcr 30 Tage lauff\u00e4hig) Gr\u00f6sse: ca. 16MB (alle Bedienungsanleitungen bereits enthalten) GPI\/O Treiber: Teatro 3 und 4 f\u00fcr Windows 7\/8\/10\/11 Teatro 3 f\u00fcr Windows XP Teatro 4 f\u00fcr Windows XP Bedienungsanleitungen: Teatro Bedienungsanleitung Version 3.x (PDF) Bedienungsanleitung f\u00fcr Teatro Touchscreen &hellip; <a href=\"https:\/\/www.ros-software.de\/wpcms\/de\/teatro-3-download-de\/\" class=\"more-link\">Continue reading <span class=\"screen-reader-text\">Teatro 3 Download<\/span><\/a><\/p>\n","protected":false},"author":2,"featured_media":0,"parent":0,"menu_order":0,"comment_status":"closed","ping_status":"closed","template":"","meta":{"footnotes":""},"class_list":["post-119","page","type-page","status-publish","hentry"],"_links":{"self":[{"href":"https:\/\/www.ros-software.de\/wpcms\/wp-json\/wp\/v2\/pages\/119","targetHints":{"allow":["GET"]}}],"collection":[{"href":"https:\/\/www.ros-software.de\/wpcms\/wp-json\/wp\/v2\/pages"}],"about":[{"href":"https:\/\/www.ros-software.de\/wpcms\/wp-json\/wp\/v2\/types\/page"}],"author":[{"embeddable":true,"href":"https:\/\/www.ros-software.de\/wpcms\/wp-json\/wp\/v2\/users\/2"}],"replies":[{"embeddable":true,"href":"https:\/\/www.ros-software.de\/wpcms\/wp-json\/wp\/v2\/comments?post=119"}],"version-history":[{"count":12,"href":"https:\/\/www.ros-software.de\/wpcms\/wp-json\/wp\/v2\/pages\/119\/revisions"}],"predecessor-version":[{"id":883,"href":"https:\/\/www.ros-software.de\/wpcms\/wp-json\/wp\/v2\/pages\/119\/revisions\/883"}],"wp:attachment":[{"href":"https:\/\/www.ros-software.de\/wpcms\/wp-json\/wp\/v2\/media?parent=119"}],"curies":[{"name":"wp","href":"https:\/\/api.w.org\/{rel}","templated":true}]}}