{"id":138,"date":"2018-01-25T16:37:08","date_gmt":"2018-01-25T16:37:08","guid":{"rendered":"http:\/\/www.ros-software.de\/wpcms\/?page_id=138"},"modified":"2018-02-01T16:32:58","modified_gmt":"2018-02-01T16:32:58","slug":"teatro-3-versionsinfo-de","status":"publish","type":"page","link":"https:\/\/www.ros-software.de\/wpcms\/de\/teatro-3-versionsinfo-de\/","title":{"rendered":"Teatro 3 Versionsinfo"},"content":{"rendered":"<p><span style=\"font-size: 14px;\"><strong><span class=\"rvts48\">Neue Funktionen in Teatro 3.6.9<\/span><\/strong><\/span><\/p>\n<ul>\n<li><span class=\"rvts48\" style=\"font-size: 14px;\">Bei einigen Soundkarten k\u00f6nnen bei wiederholtem starten des gleichen Sounds, Klicks am Soundanfang auftreten. Durch setzen der Option &#8220;Klicks bei Soundstart verhindern&#8221; unter &#8220;Einstellungen\/Wiedergabe\/Audio&#8221; werden diese St\u00f6rungen beseitigt. Das Problem besteht nicht unter WindowsXP, sondern nur unter Windows7.<\/span><\/li>\n<\/ul>\n<p><span style=\"font-size: 14px;\"><strong><span class=\"rvts48\">Neue Funktionen in Teatro 3.6.8<\/span><\/strong><\/span><\/p>\n<ul>\n<li><span style=\"font-size: 14px;\">Das Preview Sounddevice wurde f\u00e4lschlicherweise nach &#8220;Remove all Presets and Sounds&#8221; auf Ausgang 1\/2 zur\u00fcckgesetzt.<\/span><\/li>\n<li><span style=\"font-size: 14px;\">Anpassung (Resizing) an verschiedenene Bildschirmgr\u00f6ssen \u00fcber 1024 x 768 verbessert<\/span><\/li>\n<\/ul>\n<p><span style=\"font-size: 14px;\"><strong>Neue Funktionen in Teatro 3.6.7<\/strong><\/span><\/p>\n<ul>\n<li><span style=\"font-size: 14px;\">Preset speichern Optionen auf Hauptseite, Overview Men\u00fc und Preset Kontextmen\u00fc hinzugef\u00fcgt. Somit lassen sich Presets manuell speichern, wenn die Option &#8220;\u00c4nderungen beim Presetwechsel abspeichern&#8221; abgeschaltet ist.<\/span><\/li>\n<\/ul>\n<p><span style=\"font-size: 14px;\"><strong>Neue Funktionen in Teatro 3.6.6<\/strong><\/span><\/p>\n<ul>\n<li><span style=\"font-size: 14px;\">Neu Tastenanordnung &#8220;Vertical Groups&#8221; f\u00fcr X-Keys Professional hinzugef\u00fcgt<\/span><\/li>\n<li><span style=\"font-size: 14px;\">Default Einstellung f\u00fcr XK-24 Backlight Intensit\u00e4t hinzugef\u00fcgt<\/span><\/li>\n<\/ul>\n<p><span style=\"font-size: 14px;\"><strong>Neue Funktionen in Teatro 3.6.5<\/strong><\/span><\/p>\n<ul>\n<li><span style=\"font-size: 14px;\">X-Keys 84 Steuerung hinzugef\u00fcgt<\/span><\/li>\n<li><span style=\"font-size: 14px;\">X-Keys XK24 Steuerung hinzugef\u00fcgt<\/span><\/li>\n<\/ul>\n<p><span style=\"font-size: 14px;\"><strong>Neue Funktionen in Teatro 3.6.2 bis 3.6.4<\/strong><\/span><\/p>\n<ul>\n<li><span style=\"font-size: 14px;\">Fontdarstellung bei h\u00f6heren Bildschirmaufl\u00f6sungen verbessert<\/span><\/li>\n<li><span style=\"font-size: 14px;\">Signalisierung des &#8216;Play\u2018 Zustandes auf X-Keys &#8216;Stick\u2018 an- und abschaltbar im &#8216;Einstellungen\u2018 Dialog<\/span><\/li>\n<li><span style=\"font-size: 14px;\">LED\u2018s des X-Keys &#8216;Stick\u2018 an- und abschaltbar im &#8216;Einstellungen\u2018 Dialog<\/span><\/li>\n<\/ul>\n<p><span style=\"font-size: 14px;\"><strong>Neue Funktionen in Teatro 3.6.1<\/strong><\/span><\/p>\n<ul>\n<li><span style=\"font-size: 14px;\">Ge\u00e4nderte Device ID&#8217;s f\u00fcr X-Keys Stick Keyboards mit neuer Firmware hinzugef\u00fcgt<\/span><\/li>\n<li><span style=\"font-size: 14px;\">&#8216;Start Offset einstellen&#8217; zum Kontextmen\u00fc der Soundliste hinzugef\u00fcgt<\/span><\/li>\n<\/ul>\n<p><span style=\"font-size: 14px;\"><strong>Neue Funktionen in Teatro 3.6.0<\/strong><\/span><\/p>\n<ul>\n<li><span style=\"font-size: 14px;\">&#8220;GoTo&#8221; Funktion<\/span><\/li>\n<li><span style=\"font-size: 14px;\">Anzeigen auf Stunden\/Minuten\/Sekunden erweitert<\/span><\/li>\n<li><span style=\"font-size: 14px;\">Die Farben der Zeitanzeigen k\u00f6nnen ge\u00e4ndert werden<\/span><\/li>\n<li><span style=\"font-size: 14px;\">Neue separate Overview Anzeige<\/span><\/li>\n<li><span style=\"font-size: 14px;\">Overview Anzeige kann mit der Maus editiert werden<\/span><\/li>\n<li><span style=\"font-size: 14px;\">Anzeige der GPI\/O Lines in der Overview Seite hinzugef\u00fcgt<\/span><\/li>\n<\/ul>\n<p><span style=\"font-size: 14px;\"><strong>Neue Funktionen in Teatro 3.5.6<\/strong><\/span><\/p>\n<ul>\n<li><span style=\"font-size: 14px;\">Updates f\u00fcr neue X-Keys Firmware<\/span><\/li>\n<li><span style=\"font-size: 14px;\">Autocue Erkennung verbessert<\/span><\/li>\n<\/ul>\n<p><span style=\"font-size: 14px;\"><strong>Neue Funktionen in Teatro 3.5.5<\/strong><\/span><\/p>\n<ul>\n<li><span style=\"font-size: 14px;\">Autocue Funktion f\u00fcr Start Offsets hinzugef\u00fcgt<\/span><\/li>\n<\/ul>\n<p><span style=\"font-size: 14px;\"><strong>Neue Funktionen in Teatro 3.5.4<\/strong><\/span><\/p>\n<ul>\n<li><span style=\"font-size: 14px;\">Start-Offset Funktion mit vielen zus\u00e4tzlichen Optionen hinzugef\u00fcgt<\/span><\/li>\n<li><span style=\"font-size: 14px;\">Verschiedene Optionen zum abspeichern von ge\u00e4nderten Presets<\/span><\/li>\n<\/ul>\n<p><span style=\"font-size: 14px;\"><strong>Neue Funktionen in Teatro 3.5.3<\/strong><\/span><\/p>\n<ul>\n<li><span style=\"font-size: 14px;\">X-Keys Erkennung im Demomodus erweitert<\/span><\/li>\n<li><span style=\"font-size: 14px;\">Demolimit auf 30 Tage erweitert<\/span><\/li>\n<\/ul>\n<p><span style=\"font-size: 14px;\"><strong>Neue Funktionen in Teatro 3.5.2<\/strong><\/span><\/p>\n<ul>\n<li><span style=\"font-size: 14px;\">Zus\u00e4tzliche Funktionen f\u00fcr die GPI Steuerung<\/span><\/li>\n<\/ul>\n<p><span style=\"font-size: 14px;\"><strong>Neue Funktionen in Teatro 3.5.1<\/strong><\/span><\/p>\n<ul>\n<li><span style=\"font-size: 14px;\">Auswahl des Soundkanals durch die &#8216;PLAY&#8217; Buttons an\/abschaltbar<\/span><\/li>\n<li><span style=\"font-size: 14px;\">Neues Beschriftungsfeld unter den &#8216;PLAY&#8217; Buttons. Auswahl mit Doppelklick unter dem &#8216;PLAY&#8217; Button oder Rechtsklick mit der Maus unter dem &#8216;PLAY&#8217; Button um ein Kontextmen\u00fc mit weiteren Funktionen anzuzeigen<\/span><\/li>\n<li><span style=\"font-size: 14px;\">Verbesserte Erkennung von nicht vorhandenen Sounds und Laufwerken w\u00e4hrend des ladens einer Playlist<\/span><\/li>\n<\/ul>\n<p><span style=\"font-size: 14px;\"><strong>Neue Funktionen in Teatro 3.5<\/strong><\/span><\/p>\n<ul>\n<li><span style=\"font-size: 14px;\">Support f\u00fcr neue X-Keys 128 Tasten Remote<\/span><\/li>\n<li><span style=\"font-size: 14px;\">Support f\u00fcr neues RS232 Display TD-1<\/span><\/li>\n<li><span style=\"font-size: 14px;\">Flexible Farbgestaltung f\u00fcr die PLAY Buttons hinzugef\u00fcgt<\/span><\/li>\n<li><span style=\"font-size: 14px;\">Teatro unterst\u00fctzt ab version 3.5 KEINE GPI\/O ISA Karten mehr, sondern nur noch die USB PIO Ger\u00e4te<\/span><\/li>\n<li><span style=\"font-size: 14px;\">Die GPI\/O Konfiguration kann nun wahlweise global aus der Windows Registry (bisheriges Verhalten) oder aus einer geladenen Playlist (neu) eingestellt werden<\/span><\/li>\n<li><span style=\"font-size: 14px;\">Zus\u00e4tzliche Log Datei Sicherheitsoption f\u00fcr Warnung beim beenden des Programms<\/span><\/li>\n<li><span style=\"font-size: 14px;\">Zus\u00e4tzliche Log Datei Sicherheitsoption f\u00fcr Backup der Log Datei<\/span><\/li>\n<li><span style=\"font-size: 14px;\">Zuletzt benutzter Log Datei Pfad wird gesichert<\/span><\/li>\n<li><span style=\"font-size: 14px;\">Es k\u00f6nnen nun auch Log Listen im ASCII Text Format in die Log Liste geladen werden<\/span><\/li>\n<li><span style=\"font-size: 14px;\">Anzahl der Play- und Stop-Groups von 4 auf 8 erweitert<\/span><\/li>\n<li><span style=\"font-size: 14px;\">Einstellungsdialog f\u00fcr Vorh\u00f6r\/Preview Kanal hinzugef\u00fcgt<\/span><\/li>\n<li><span style=\"font-size: 14px;\">Drag und Drop f\u00fcr die Soundlisten hinzugef\u00fcgt<\/span><\/li>\n<li><span style=\"font-size: 14px;\">Ausgangsger\u00e4te k\u00f6nnen nun beim laden, wahlweise anhand des Namens oder anhand ihrer Devicenummer ausgew\u00e4hlt werden<\/span><\/li>\n<li><span style=\"font-size: 14px;\">Vorl\u00e4ufige Windows Vista Kompatibilit\u00e4t<\/span><\/li>\n<\/ul>\n<p><span style=\"font-size: 14px;\"><strong>Neue Funktionen in Teatro 3.0<\/strong><\/span><\/p>\n<ul>\n<li><span style=\"font-size: 14px;\">Teatro benutzt keinen Dongle mehr, sondern muss \u00fcber einen Lizenzschl\u00fcssel freigeschaltet werden<\/span><\/li>\n<li><span style=\"font-size: 14px;\">\u00c4nderungen an der Audio Engine<\/span><\/li>\n<li><span style=\"font-size: 14px;\">Audiodateien k\u00f6nnen auch im 24Bit und 32Bit Float Format wiedergegeben werden<\/span><\/li>\n<li><span style=\"font-size: 14px;\">Es k\u00f6nnen nun auch .aif (AIFF) Audiodateien wiedergegeben werden<\/span><\/li>\n<li><span style=\"font-size: 14px;\">Es k\u00f6nnen die Wiedergabe Sampleraten 96KHz und 192KHz benutzt werden<\/span><\/li>\n<li><span style=\"font-size: 14px;\">Alle Bit und Sampleraten k\u00f6nnen miteinander gemischt wiedergegeben werden<\/span><\/li>\n<li><span style=\"font-size: 14px;\">Zus\u00e4tzliche Tastenbelegung f\u00fcr neue Remote Konsolen<\/span><\/li>\n<li><span style=\"font-size: 14px;\">Teatro zeigt nun auch die Visual Styles f\u00fcr XP an<\/span><\/li>\n<li><span style=\"font-size: 14px;\">Screen Resizing im Options Dialog abschaltbar<\/span><\/li>\n<li><span style=\"font-size: 14px;\">Anzeige von Sound-Position und Sound-L\u00e4nge im Touch Screen Display auf dem Fortschrittsbalken<\/span><\/li>\n<li><span style=\"font-size: 14px;\">Um auf dem Touchscreen die Erkennung der Kanalnummern zu erleichtern werden diese nun immer oberhalb des Soundnamens angezeigt<\/span><\/li>\n<li><span style=\"font-size: 14px;\">F\u00fcr eine direktere R\u00fcckmeldung des &#8220;Play&#8221; Vorgangs, zeigen die Play-Tasten nun die Farbmarkierung (Rot, Gr\u00fcn oder Gelb) sofort nach dem bet\u00e4tigen an<\/span><\/li>\n<li><span style=\"font-size: 14px;\">Bei Kan\u00e4len die mit der Play Taste in den &#8220;Pause&#8221; Zustand geschaltet werden, bleibt die aktuelle Tastenfarbe als Zustandsanzeige bestehen<\/span><\/li>\n<li><span style=\"font-size: 14px;\">Der &#8220;Play&#8221; Zustand wird nun wahlweise in den Farben Rot, Gr\u00fcn oder Gelb angezeigt<\/span><\/li>\n<li><span style=\"font-size: 14px;\">Treiber f\u00fcr die neue Kabelversion des USB GPI\/O Ger\u00e4tes aktualisiert<\/span><\/li>\n<\/ul>\n","protected":false},"excerpt":{"rendered":"<p>Neue Funktionen in Teatro 3.6.9 Bei einigen Soundkarten k\u00f6nnen bei wiederholtem starten des gleichen Sounds, Klicks am Soundanfang auftreten. Durch setzen der Option &#8220;Klicks bei Soundstart verhindern&#8221; unter &#8220;Einstellungen\/Wiedergabe\/Audio&#8221; werden diese St\u00f6rungen beseitigt. Das Problem besteht nicht unter WindowsXP, sondern nur unter Windows7. Neue Funktionen in Teatro 3.6.8 Das Preview Sounddevice wurde f\u00e4lschlicherweise nach &#8220;Remove &hellip; <a href=\"https:\/\/www.ros-software.de\/wpcms\/de\/teatro-3-versionsinfo-de\/\" class=\"more-link\">Continue reading <span class=\"screen-reader-text\">Teatro 3 Versionsinfo<\/span><\/a><\/p>\n","protected":false},"author":2,"featured_media":0,"parent":0,"menu_order":0,"comment_status":"closed","ping_status":"closed","template":"","meta":{"footnotes":""},"class_list":["post-138","page","type-page","status-publish","hentry"],"_links":{"self":[{"href":"https:\/\/www.ros-software.de\/wpcms\/wp-json\/wp\/v2\/pages\/138","targetHints":{"allow":["GET"]}}],"collection":[{"href":"https:\/\/www.ros-software.de\/wpcms\/wp-json\/wp\/v2\/pages"}],"about":[{"href":"https:\/\/www.ros-software.de\/wpcms\/wp-json\/wp\/v2\/types\/page"}],"author":[{"embeddable":true,"href":"https:\/\/www.ros-software.de\/wpcms\/wp-json\/wp\/v2\/users\/2"}],"replies":[{"embeddable":true,"href":"https:\/\/www.ros-software.de\/wpcms\/wp-json\/wp\/v2\/comments?post=138"}],"version-history":[{"count":9,"href":"https:\/\/www.ros-software.de\/wpcms\/wp-json\/wp\/v2\/pages\/138\/revisions"}],"predecessor-version":[{"id":391,"href":"https:\/\/www.ros-software.de\/wpcms\/wp-json\/wp\/v2\/pages\/138\/revisions\/391"}],"wp:attachment":[{"href":"https:\/\/www.ros-software.de\/wpcms\/wp-json\/wp\/v2\/media?parent=138"}],"curies":[{"name":"wp","href":"https:\/\/api.w.org\/{rel}","templated":true}]}}