{"id":174,"date":"2018-01-29T14:40:35","date_gmt":"2018-01-29T14:40:35","guid":{"rendered":"http:\/\/www.ros-software.de\/wpcms\/?page_id=174"},"modified":"2024-06-26T11:49:45","modified_gmt":"2024-06-26T11:49:45","slug":"teatro-4-versionsinfo","status":"publish","type":"page","link":"https:\/\/www.ros-software.de\/wpcms\/de\/teatro-4-versionsinfo\/","title":{"rendered":"Teatro 4\/5 Versionsinfo"},"content":{"rendered":"\n<p>5.9.0<br \/>====<\/p>\n<p>&#8211; Das Setzen der Grid Option &#8220;Pixel-Scrolling&#8221; wurde an einen sp\u00e4teren Zeitpunkt w\u00e4hrend des Programmstarts verschoben, um sicher zu stellen, dass die Option zuverl\u00e4ssiger gesetzt wird.<\/p>\n<p>&#8211; Pegelanzeige im Mixer \u00fcberarbeitet. <br \/>Die angezeigten Werte sind nun akurater und gleichm\u00e4ssiger verteilt. <br \/>Die Bewegungen der Farbbalken sind weniger springend.<br \/>Der RMS Wert wird nun \u00fcber einen gr\u00f6sseren Zeitraum gemessen, wodurch die Anzeige ruhiger wirkt. <br \/>Oberhalb der Farbbalken wurden Peak-Anzeigen hinzugef\u00fcgt.<\/p>\n<p>&#8211; Beschriftung der dB-Werte neben dem Mixer Fader, angepasst f\u00fcr h\u00f6here Genauigkeit.<\/p>\n<p>&#8211; \u00c4nderungen beim Neuzeichnen der Grafiken, auf dem &#8220;Kan\u00e4le&#8221; Tab der Hauptseite.<\/p>\n<p>5.8.1<br \/>=====<\/p>\n<p>&#8211; Es wurde ein Fehler behoben, der zu einem Absturz f\u00fchren kann, wenn Audiodateien besch\u00e4digt sind.<\/p>\n<p>&#8211; Darstellungsproblem in der Soundliste behoben. Der Teiler zwischen Soundliste (oben) und Metadatenfeld (unten), wurde beim ersten Programmstart nicht korrekt gesetzt.<\/p>\n<p>&#8211; Es wurde ein Fehlverhalten beseitigt, welches dazu f\u00fchrte, dass man die Textfelder im Logging Grid, sowie das Feld &#8220;Anzeigename&#8221; im Einstellungsdialog f\u00fcr die Ausgangskan\u00e4le, nicht korrekt editieren konnte. (Die Tasten Backspace und Entf. l\u00f6schten immer den kompletten Text. Die Pfeiltasten beendeten die Texteingabe.)<\/p>\n<p>5.8.0<br \/>=====<\/p>\n<p>&#8211; Bei Verwendung der TR-4 Fernbedienung, wird nun erkannt, wenn das Ger\u00e4t im Betrieb ausgeschaltet wird, oder die USB-Verbindung getrennt wird. Eine Warnmeldung zeigt danach weitere Hinweise zu dem Problem an.<\/p>\n<p>Fehlerbeseitigung:<br \/>Ein Fehler im Lizensierungsvorgang wurde behoben. <br \/>Au\u00dferdem werden bei Fehlern im Lizensierungsvorgang, weitere Informationen im System Log (Alt+Z) ausgegeben.<\/p>\n<p>5.7.0<br \/>=====<\/p>\n<p>&#8211; Bei Verwendung der TR-3 Fernbedienung, wird nun erkannt, wenn das Ger\u00e4t im Betrieb ausgeschaltet wird, oder die USB-Verbindung getrennt wird. Eine Warnmeldung zeigt danach weitere Hinweise zu dem Problem an.<\/p>\n<p>&#8211; Der Bereich Editor zeigt nun keine Hinweisbox mehr an, wenn bei Aufruf, in dem Kanal kein Sound geladen war.<\/p>\n<p>&#8211; Kleinere Darstellungsprobleme im Bereich Editor und im Audio Editor behoben.<\/p>\n<p>5.6.0<br \/>=====<\/p>\n<p>&#8211; Wenn die Cueliste zusammen mit dem Bereich Editor verwendet wird, also beide Dialogfenster ge\u00f6ffnet sind, werden im Bereich Editor nun alle aktiven Cue-Punkte gleichzeitig angezeigt.<\/p>\n<p>&#8211; Bessere Verkn\u00fcpfung des Cuelist Dialogs mit dem Bereich Editor. Wenn in der Cueliste der Kanal ge\u00e4ndert wird, so wird auch im Bereich Editor der dazugeh\u00f6rige Sound des ge\u00e4nderten Kanals geladen.<\/p>\n<p>&#8211; Bessere Verkn\u00fcpfung des Hauptfensters mit dem Bereich Editor. Wenn im Hauptfenster der Kanal ge\u00e4ndert wird, so wird auch im Bereich Editor der dazugeh\u00f6rige Sound des ge\u00e4nderten Kanals geladen.<\/p>\n<p>&#8211; Mehrere kleine Fehler in der Cueliste und dem Bereich Editor beseitigt.<\/p>\n<p>&#8211; Die Playgroups 1 bis 9 werden nun nicht mehr durch die Zahlentasten 1 bis 9 gestartet\/gestoppt, wenn im Dialog Einstellungen\/Ausgangsger\u00e4t\/Anzeigename und in den Logging-Grid Zeilen diese Zahlentasten verwendet werden.<\/p>\n<p>&#8211; Die Funktionen &#8220;Mit dar\u00fcber liegendem Kanal tauschen&#8221; und &#8220;Mit darunter liegendem Kanal tauschen&#8221;, k\u00f6nnen nun auch \u00fcber das Grid Kontextmen\u00fc ausgef\u00fchrt werden.<\/p>\n<p>&#8211; Die Shortcuts Strg-C, Strg-V und Strg-X funktionieren nun auch wieder nach dem Programmstart, abh\u00e4ngig davon, ob Soundliste oder Preset Liste angezeigt werden. Wird der Mixer angezeigt, sind diese Shortcuts (wie schon zuvor) nicht verf\u00fcgbar.<\/p>\n<p>&#8211; Die Pegelanzeige im Mixer wurde, nach stoppen eines Kanals, manchmal nicht gel\u00f6scht.<\/p>\n<p>&#8211; Auf der JL Cooper Fernbedienung werden nun die blinkenden Play Tasten, nach Esc. (Panic Stop) korrekt abgeschaltet.<\/p>\n<p>&#8211; Tastatur Shortcut &#8220;Strg + R&#8221; f\u00fcr den Bereich Editor hinzugef\u00fcgt.<\/p>\n<p>&#8211; Der Status der &#8220;Immer oben&#8221; Einstellung jedes Dialogfensters, wird bei folgenden Programmstarts, f\u00fcr jedes Dialogfenster wieder hergestellt.<\/p>\n<p>5.5.0<br \/>=====<\/p>\n<p>Neue Funktionen &#8220;Mit dar\u00fcber liegendem Kanal tauschen&#8221; und &#8220;Mit darunter liegendem Kanal tauschen&#8221; hinzugef\u00fcgt. Hiermit lassen die Inhalte zweier Kan\u00e4le vertauschen, ohne die anderen Kan\u00e4le komplett nach oben oder unten zu verschieben.<\/p>\n<p>In den Einstellungen unter &#8220;Erweitert&#8221; kann aktiviert werden, dass die Zeilenk\u00f6pfe des Grids, also die Kanalnummernspalte ganz links, den Kanalstatus Play\/Pause\/Stop anzeigen.<\/p>\n<p>Verhalten der Positions- und Bereichsmarkierungen, im Bereichseditor ge\u00e4ndert:<br \/>&#8211; Die &#8220;Setzen&#8221; Buttons f\u00fcr Bereichsanfang und Bereichsende, \u00fcbernehmen nun grunds\u00e4tzlich immer die Position der Abspielmarkierung (Play-Cursor), egal ob in Play oder Stopp.<br \/>&#8211; Beim w\u00e4hlen der aktuellen Abspielposition, durch klicken innerhalb der Wellenform, wird ausserdem die gelbe, gepunktete Linie, an die gleiche Position gesetzt. Beim stoppen des Sounds, springt die Abspielposition dann auf die gepunktete Linie zur\u00fcck.<br \/>&#8211; Wenn in der Wellenformanzeige, mit der Maus ein Bereich markiert ist, wird der Bereichsanfang bei Benutzung des &#8220;Setzen&#8221; Buttons, auf den Anfang des markierten Bereiches gesetzt. Gleiches gilt f\u00fcr den &#8220;Setzen&#8221; Button des Bereichsendes.<\/p>\n<p>&#8211; Grid Kontextmen\u00fc:<br \/>Eintr\u00e4ge f\u00fcr Cue List, MIDI Matrix und Bereich Editor hinzugef\u00fcgt.<br \/>Tastatur Shortcut Strg-U f\u00fcr Anzeige der Cue Liste hinzugef\u00fcgt.<br \/>Alle Eintr\u00e4ge des Grid Kontextmen\u00fcs (rechte Maustaste) an das &#8216;Kanal&#8217; Untermen\u00fc der Men\u00fcleiste angepasst.<\/p>\n<p>&#8211; Wellenform Zooming im Wave-Editor und im Bereichseditor erweitert:<br \/>Das Drehen des Mausrades, zoomt um die Abspielmarkierung bzw. den Bereichsanfang (sofern vorhanden) herum. Wenn die Alt-Taste gleichzeitig gedr\u00fcckt wird, zoomt das Mausrad um das Bereichsende (sofern vorhanden) herum.<\/p>\n<p>&#8211; Das Teatro Installationsprogramm \u00fcberpr\u00fcft vor Beginn der Installation, ob bereits eine fr\u00fchere Teatro 5 Version installiert ist. Wenn dies der Fall ist, wird ein Hinweis angezeigt und man kann ausw\u00e4hlen, dass die Installation direkt durchgef\u00fchrt werden soll.<\/p>\n<p>Fehlerbeseitigungen:<br \/>&#8211; Mehrfache Bereichsmarkierungen nach dem Neuzeichnen der Wellenform im Bereichs Editor und im Wave Editor.<br \/>&#8211; Die Tastenkombination Alt+F4 schliesst nun nicht mehr das Programm sondern startet\/stoppt Soundkanal 40.<br \/>&#8211; Strg+K (Preset \u00c4nderungen \u00fcbernehmen) fehlte im Preset Kontextmen\u00fc und in der Liste der Tastatur-Shortcuts in der Bedienungsanleitung.<br \/>&#8211; Irrt\u00fcmlich enthaltene Tastaturkommandos Alt+up\/down, f\u00fcr Kanal hoch\/runter verschieben, im Grid Kontexmen\u00fc entfernt.<br \/>&#8211; Die Funktion &#8220;Kanal einf\u00fcgen&#8221; verschiebt nun nicht mehr alle GPIO Einstellungen einen Kanal weiter, wenn der Kanal Zwischenspeicher leer ist.<br \/>&#8211; Zahleneingaben 1 bis 9 im Cuelist Timecode Feld, starten nun keine Playgruppen mehr.<\/p>\n<p>5.4.0<br \/>=====<\/p>\n<p>&#8211; Wenn die rechte Maustaste \u00fcber dem Grid (inklusive der &#8220;#&#8221; Spalte) bet\u00e4tigt wird, wird nun immer zuerst der Kanal aktiviert und dann erst das Kanal Kontextmen\u00fc angezeigt.<\/p>\n<p>Fehlerbeseitigungen:<br \/>&#8211; Auswahl eines Kanalbereichs direkt nach Programmstart, mit Ctrl + Mausklick, w\u00e4hlt nun nicht mehr die oberste &#8220;#&#8221; Kopfzeile mit aus.<\/p>\n<p>&#8211; Nach dem selektieren des &#8220;Info&#8221; Feldes, bleibt die Texteingabe jetzt solange aktiv, bis man explizit ausserhalb des &#8220;Info&#8221; Feldes klickt, oder die Eingabe mit Enter beendet.<\/p>\n<p>&#8211; Sounds in den Kanal laden durch anklicken des &#8220;Datei&#8221; Buttons im Grid, l\u00e4dt nun alle gew\u00e4hlten Sounds in den korrekten Kanal.<\/p>\n<p>5.3.0<br \/>=====<\/p>\n<p>&#8211; Das vertikale Vergr\u00f6\u00dfern bzw. Verkleinern des Grids, durch die Tastenkombination STRG + bzw. STRG -, wurde an das Verhalten von Teatro 4 angepasst. Hierdurch erfolgt das Vergr\u00f6ssern bzw. Verkleinern in gr\u00f6sseren Schritten, n\u00e4mlich 4 Pixel pro Tastendruck statt 1 Pixel.<\/p>\n<p>5.2.0<br \/>=====<\/p>\n<p>&#8211; Wenn sich der Mauspfeil \u00fcber dem Grid auf der Hauptseite befindet, kann mit der Tastenkombination Alt + Pfeil runter\/hoch, der n\u00e4chste bzw. der vorige Sound, in der Soundliste des aktuellen Kanals ausgew\u00e4hlt werden. Ohne die Bet\u00e4tigung der Alt-Taste kann, der aktuelle Kanal (wie \u00fcblich) mit den Pfeil hoch\/runter Tasten ausgew\u00e4hlt werden.<\/p>\n<p>&#8211; Drag &amp; Drop in der Soundliste (Eintr\u00e4ge verschieben mit dem Mauspfeil, bei gedr\u00fcckter Alt-Taste) funktioniert nun auch mit \u00dcberschriften.<\/p>\n<p>&#8211; Wenn in der Cueliste die &#8220;Auto Cue&#8221; Spalte auf &#8220;-&#8221; gesetzt und dadurch deaktiviert wird, \u00e4ndert sich der Timecode in der &#8220;Min:Sek:Msek&#8221; Spalte zu &#8220;00:00:000&#8221;.<\/p>\n<p>&#8211; Wenn der Timecode in einer Cuelist Zeile im &#8220;Min:Sek:Msek&#8221; Feld mit dem Mausrad ver\u00e4ndert wird, folgt der entsprechende Cue auch im Bereich Editor.<\/p>\n<p>&#8211; Den Text von \u00dcberschriften kann man nun leichter \u00e4ndern, indem man die \u00dcberschrift mit der Maus doppelt anklickt.<\/p>\n<p>Fehlerbeseitigungen:<br \/>&#8211; Im Dialog &#8220;Spalten Einstellungen&#8221; folgen die Beschriftungen der einzelnen Checkboxen, nun korrekt den Bezeichnungen in der Kopfzeile der Grid Spalten.<\/p>\n<p>&#8211; Die Funktion &#8220;Jump to next&#8221; am Ende eines Sounds, ignoriert bzw. \u00fcberspringt nun \u00dcberschriften und w\u00e4hlt den danach folgenden Sound.<\/p>\n<p>&#8211; Die Option &#8220;Zufallswiedergabe&#8221; ignoriert nun evtl. vorhandene \u00dcberschriften in der Soundliste des aktuellen Kanals.<\/p>\n<p>5.1.0<br \/>=====<\/p>\n<p>&#8211; In dem Cuelist Dialog kann man nun auch ausw\u00e4hlen, dass MIDI Programmwechsel gesendet werden. Ein Programmwechsel Befehl besteht immer aus dem MIDI Kanal und der Programmnummer 1 bis 127. Hierzu wurde der bereits vorhandene Eintrag &#8220;MIDI Out&#8221; in &#8220;MIDI Note&#8221; umbenannt und ein neuer Eintrag &#8220;MIDI Program&#8221; wurde hinzugef\u00fcgt. Beim einladen von \u00e4lteren Playlisten, wird die urspr\u00fcnglich abgespeicherte Cue Funktion &#8220;MIDI Out&#8221; in &#8220;MIDI Note&#8221; umgewandelt.<\/p>\n<p>&#8211; Im Einstellungen Dialog\/MIDI kann nun eine MIDI Note\/Kanal ausgew\u00e4hlt werden, mit der sich alle Kan\u00e4le gleichzeitig stoppen lassen (Panic Stop).<\/p>\n<p>&#8211; Unter Einstellungen\/Erweitert kann eingestellt werden, ob der Kanalnummer im Grid, ein &#8216;+&#8217; Zeichen hinzugef\u00fcgt werden soll, wenn in dem Kan\u00e4l, ein Cuelist Eintrag aktiv ist.<\/p>\n<p>Fehlerbeseitigungen:<br \/>&#8211; MIDI In und MIDI Out Noten wurden falsch interpretiert bzw. falsch ausgegeben<\/p>\n<p>5.0.0<br \/>=====<\/p>\n<p>&#8211; Programmoberfl\u00e4che mit neuem farblichem Design.<\/p>\n<p>&#8211; Aktualisierte Audio Engine und Wave Editor Engine.<\/p>\n<p>&#8211; Neue Grid Softwarekomponente (Hauptseite, Cue Liste, GPI\/O Setup, MIDI Matrix, Logging Tabelle) mit gesteigerter Darstellungsleistung.<\/p>\n<p>&#8211; Upgrade auf neues Microsoft Anwendungsframework (f\u00fcr Kompatibilit\u00e4t mit zuk\u00fcnfigen Microsoft OS Versionen, z.B. Windows 11).<\/p>\n<p>&#8211; Update f\u00fcr Lizensierungsfunktion (bisherige Version war nicht mehr kompatibel mit dem neuen Microsoft Anwendungsframework).<\/p>\n<p>&#8211; Die Teatro 5.x Upgrade Lizenz ist f\u00fcr Teatro 3.x und 4.x Anwender kostenlos.<\/p>\n<p>&#8211; Verschiedene Optimierungen f\u00fcr bessere Darstellungsleistung.<\/p>\n<p>&#8211; Umfangreiche Code Bereinigungen und Optimierungen in Bezug auf die neue Grid Komponente.<\/p>\n<p>&#8211; Im Grid wurde eine zus\u00e4tzliche Spalte &#8220;Status&#8221; hinzugef\u00fcgt, in dem der aktuelle Status des Kanals angezeigt wird. Am Ende des spielenden Sounds wird in diesem Feld ein Countdown angezeigt, abhg\u00e4ngig von der &#8216;Ende signal&#8217; Einstellung.<\/p>\n<p>&#8211; Die Auswahl der anzuzeigenden Spalten im Grid auf der Hauptseite, wird nicht mehr \u00fcber Untermen\u00fcs im &#8220;Grid&#8221; Men\u00fc durchgef\u00fchrt, sondern \u00fcber ein eigenes Dialogfenster &#8220;Spalten Einstellungen&#8221;.<\/p>\n<p>&#8211; Die Zeilenh\u00f6he des Grids auf der Hauptseite kann nun zus\u00e4tzlich mit dem Regler &#8220;Zeilenh\u00f6he&#8221; unterhalb des Grids eingestellt werden. Beim n\u00e4chsten Programmstart wird die zuletzt eingestellte Gr\u00f6sse wieder hergestellt. Die eingestellte Zeilenh\u00f6he wird ebenfalls in einer verwendeten Grid Layout Datei gespeichert und wieder hergestellt.<\/p>\n<p>&#8211; Cue List Funktion komplett \u00fcberarbeitet. Jeder Steuerungstyp (Control, MIDI, GPO) verf\u00fcgt jetzt \u00fcber einen eigenen Auto Cue Parameter. Die bisherige Auto Cue Funktion wurde entfernt, da diese nicht in Verbindung mit MIDI und GPO verwendet werden konnte. Beim einlesen von Teatro v4.x Playlisten, werden alte Auto Cue Eintr\u00e4ge passend umgewandelt.<\/p>\n<p>&#8211; Aufgrund der erweiterten Cue List Funktion, wird in Teatro 5 ein neues Playlist Format abgespeichert. Es k\u00f6nnen jedoch weiterhin alte Teatro 3 und Teatro 4 Playlisten gelesen werden. Versucht man eine Teatro 3 oder Teatro 4 Playlist mit Teatro 5 zu \u00fcberschreiben, wird eine Warnung ausgegeben.<\/p>\n<p>&#8211; In die Playlist von jedem der 64 Kan\u00e4le k\u00f6nnen nun \u00dcberschriften eingef\u00fcgt werden. \u00dcberschriften k\u00f6nnen dazu benutzt werden, um Abschnitte innerhalb der Playlist zu unterteilen bzw. zu markieren. Die \u00dcberschriften unterscheiden sich durch Sound Eintr\u00e4ge, in dem sie in der Farbe Gr\u00fcn, einfach unterstrichen und mit einem &#8220;&gt;&#8221; Zeichen, am Beginn des Eintrags dargestellt werden. \u00dcberschriften lassen sich mit den \u00fcblichen Sound Funktionen (Ausschneiden, Kopieren, Einf\u00fcgen usw.) bearbeiten. Die Kontrollsoftware aller bisherigen Teatro Fernbedienungen wurde entsprechend angepasst, um die \u00dcberschriften korrekt anzuzeigen. In den Soundkan\u00e4len der verwendeten Fernbedienung werden, die \u00dcberschriften mit einem f\u00fchrenden &#8220;&gt;&#8221; Zeichen angezeigt.<\/p>\n<p>&#8211; Steuerung f\u00fcr neue Fernbedienung TR-4 im Dialog Einstellungen unter &#8220;TD-1 \/ TR-4&#8221; hinzugef\u00fcgt.<\/p>\n<p>&#8211; Codeoptimierungen und Fehlerbehebungen in den GPI\/O Funktionen.<\/p>\n<p>&#8211; Logging Listen k\u00f6nnen im Format PDF, Word und Excel abgespeichert werden. Das Text Format (.txt) wird nicht mehr unterst\u00fctzt.<\/p>\n<p>&#8211; Die Titelnamen beim CD auslesen, werden nun von Gnudb.org abgerufen, da der CDDB Server nicht mehr aktiv war.<\/p>\n<p>&#8211; Das hinzuf\u00fcgen von ausgelesenen CD Tracks zur Playliste funktioniert nun wieder.<\/p>\n<p>&#8211; Mehrere Fenster haben nun eine zus\u00e4tzliche &#8220;Immer oben&#8221; Option, um zu verhindern, dass diese in den Hintergrund verschwinden, wenn zus\u00e4tzlich \u00c4nderungen im Hauptfenster n\u00f6tig sind.<\/p>\n<p>&#8211; Der Bereich Editor zeigt nun keine mehrfachen senkrechten Linien f\u00fcr den Bereichsanfang und das Bereichsende an, wenn der Editor mehrfach hintereiander verwendet wird.<\/p>\n<p>&#8211; Im Bereich Editor wird nun jeweils neben den senkrechten Markierungslinien, ein Text angezeigt, um die Art der Markierung zu beschreiben. Im einzelnen sind dies &#8216;Range Start&#8217;, &#8216;Range End&#8217;, &#8216;Cue In&#8217;, Cue &lt;Nummer&gt;, &#8216;Playhead&#8217;.<\/p>\n<p>&#8211; Die &#8216;Load Delay&#8217; Einstellung wird nun in allen Soundlisten (Hauptseite, Grid soundlisten, T3-Interface Soundlisten) angewendet.<\/p>\n<p>&#8211; Neue Seite &#8220;Optionen&#8221; im &#8216;Einstellungen&#8217; Dialog hinzugef\u00fcgt. Hiermit k\u00f6nnen verschiedene Einstellungen f\u00fcr Audio und Grid ge\u00e4ndert werden.<\/p>\n<p>&#8211; Charakteristik der Lautst\u00e4rkeanzeige im Mixer, kann nun von &#8220;Peak&#8221; auf &#8220;RMS&#8221; umgestellt werden.<\/p>\n<p>&#8211; Das Soundinfo Feld unterhalb der Soundliste auf der Hauptseite, beh\u00e4lt nun die eingestellte H\u00f6he beim n\u00e4chsten Programmstart. Die Gr\u00f6sse kann mit dem Splitter oberhalb des Soundinfo Feldes ver\u00e4ndert werden.<\/p>\n<p>&#8211; Nach dem Start wird der zuletzt sichtbare Tab (Preset\/Sounds\/Mixer) auch wieder ausgew\u00e4hlt bzw. angezeigt.<\/p>\n<p>&#8211; In der Soundliste der TR-3 Remote wird nun der Inhalt des &#8216;Info&#8217; Feldes korrekt angezeigt, wenn man zwischen 8-Kanal und 32-Kanal Darstellung umgeschaltet wird, sofern die Option &#8220;Kanalname verwendet &#8216;Info&#8217; Feld Text&#8221; im TR-3 Setup aktiviert ist.<\/p>\n<p>&#8211; Die TR-3 Remote schaltet nach Programmstart, nun in die zuletzt verwendete 8-Kanal oder 32-Kanal Display Darstellung.<\/p>\n<p>&#8211; Alle TR-Remotes werden nun erst aktiviert, wenn die Teatro Oberfl\u00e4che sichtbar ist. Dadurch wird verhindert, dass Fehlermeldungen vom Splashscreen verdeckt werden, wenn eine Fernbedienung nicht gefunden wurde bzw. angeschlossen ist.<\/p>\n<p>&#8211; Viele kleinere Fehler behoben.<\/p>\n<p>4.9.3<br \/>=====<\/p>\n<p>Fehlerbeseitigungen:<br \/>&#8211; Ein Fehler im Cuelist Modul wurde beseitigt, der verhinderte, dass die &#8220;Aktiv&#8221; Checkboxen korrekt abgefragt wurden. Als Resultat wurden bereits bestehende Cuepunkte in einem Kanal nicht aktualisiert.<br \/><br \/>&#8211; Die Farbe der Play Buttons im Grid, wurde in einigen Situationen, nicht aus dem Pause Modus (Farbe Orange) wieder zur\u00fcck gesetzt.<\/p>\n<p>4.9.2<br \/>=====<\/p>\n<p>Fehlerbeseitigungen:<br \/>&#8211; Sporadischer Deadlock beim Laden von l\u00e4ngeren WAV Sounds.<\/p>\n<p>4.9.1<br \/>=====<\/p>\n<p>&#8211; Wartezeit, nach der Sounds bei mehrfachen Klicks hintereinander in der Soundliste geladen werden, auf 250msek reduziert.<\/p>\n<p>Fehlerbeseitigungen:<br \/>&#8211; Wenn in der Soundliste nur ein einzelner Sound enthalten war, so liess sich dieser Sound nicht laden und es wurden auch keine Informationen unterhalb der Soundliste angezeigt.<\/p>\n<p>&#8211; M\u00f6gliche Beseitigung eines Fehlers, bei dem die &#8220;Jump&#8221; Funktion nicht zum n\u00e4chsten Sound in der Liste sprang, sondern an den Anfang der Liste.<\/p>\n<p>4.9.0<br \/>=====<\/p>\n<p>&#8211; Die Erkennung und Sortierung der installierten Audioger\u00e4te wurde \u00fcberarbeitet. Alle Audioger\u00e4te bzw. Audiokan\u00e4le werden nun immer in alphabetischer Reihenfolge angezeigt. Eine manuelle Sortierung ist nicht mehr m\u00f6glich. Die Anpassung war notwendig, weil aufgefallen war, dass Windows manchmal die installierten Audioger\u00e4te in ver\u00e4nderter Reihenfolge an Teatro meldete. Dieses Verhalten wurde auch in anderen Audioapplikationen, wie z.B. VLC Media Player und Reaper, beobachtet. Da nicht klar ist, ob dies nur ein tempor\u00e4res Windows Fehlverhalten, z.B. nach einem Windows Update war, wurde vorsorglich nun sicher gestellt, dass die von Windows gemeldete Reihenfolge, in Teatro keine Fehler mehr verursacht.<\/p>\n<p>&#8211; Bessere Erkennung von hinzugef\u00fcgten oder entfernten Audioger\u00e4ten.<br \/>Wenn sich die Anzahl der Audioger\u00e4te bzw. Audiokan\u00e4le, oder die Konfiguration seit dem letzten Start ver\u00e4ndert hat, gibt Teatro ein Fehlermeldung aus. Beim n\u00e4chsten Start von Teatro, wird die Audiokonfiguration auf eine Standareinstellung gesetzt.<\/p>\n<p>&#8211; Das Dialogfenster &#8220;Systemmeldungen&#8221;, welches mit der Tastenkombination Alt+z aufgerufen wird, verf\u00fcgt nun \u00fcber einen Men\u00fcpunkt, mit dem man die Log-Meldungen als Textdatei abspeichern kann.<\/p>\n<p>&#8211; Sounds k\u00f6nnen in der Soundliste (rechts neben dem Grid) per Doppelklick mit der Maus gestartet oder gestoppt werden.<\/p>\n<p>Fehlerbeseitigungen:<br \/>&#8211; Wenn in einem Kanal die &#8220;Jump&#8221; Funktion aktiviert war, so wurde ein in der Cue-Liste eingestellter Auto-Cue nicht korrekt gesetzt, nachdem automatisch zum n\u00e4chsten Sound in der Soundliste gesprungen wurde.<\/p>\n<p>&#8211; Wenn in einem Kanal die &#8220;Jump&#8221; Funktion aktiviert war, so wurde die Soundinformation unterhalb der Soundliste nicht angepasst, nachdem automatisch zum n\u00e4chsten Sound in der Soundliste gesprungen wurde.<\/p>\n<p>&#8211; Ein Fehler im Cuelist Modul wurde behoben, der dazu f\u00fchrte, dass Autocues beim abspielen eines Sounds nicht funktionierten.<\/p>\n<p>&#8211; Ein Fehler wurde behoben, der dazu f\u00fchrte, dass die drei Soundlisten (Hauptseite rechts, im Grid und auf der Channel Seite) manchmal nicht synchron waren. Wenn Eintr\u00e4ge in einer der drei Soundlisten, schnell hintereinander angeklickt bzw. ausgew\u00e4hlt werden, so wurde bisher jeder Sound immer auch gleich geladen. Hierdurch entstand eine Windows bedingte kleine Warteschlange, die dazu f\u00fchren konnte, dass die Anzeige des gew\u00e4hlten Sounds in Teatro, nicht mehr synchron zu dem aktuellen Windows Ladevorgang war. Das schnelle Anklicken von Sounds f\u00fchrt nun dazu, dass Sounds nur noch geladen werden, wenn der Anwender f\u00fcr eine kurze Zeit, keine Auswahl mehr t\u00e4tigt. <br \/><br \/>&#8211; Die Option &#8220;Jump to next nur bei Soundende ausf\u00fchren&#8221; funktionierte nicht in allen Abspielsituationen korrekt.<\/p>\n<p>&#8211; Die Option &#8220;Klicks bei Soundstart verhindern&#8221; wurde komplett \u00fcberarbeitet, um einige st\u00f6rende Seiteneffekte zu beseitigen. Wenn diese Option aktiviert ist, l\u00e4uft der Sound nach dem stoppen noch eine kurze Zeit weiter, um den Audiospeicher des Ausgangskanals zu l\u00f6schen. Die Nachlaufzeit wird durch die eingestellte Puffergr\u00f6sse bestimmt. Ist der Audiopuffer z.B. auf 250ms eingestellt, so l\u00e4uft der Sound noch so lange weiter. Hierzu wurden auch Anpassungen an den internen DirectSound Audiopuffer Einstellungen ge\u00e4ndert, um kleinere Puffergr\u00f6ssen verwenden zu k\u00f6nnen.<\/p>\n<p>&#8211; Manchmal wurden Kan\u00e4le, bei denen die &#8220;Loop&#8221; Option ausgew\u00e4hlt war, trotzdem am Ende des Sounds gestoppt.<\/p>\n<p>&#8211; Das Starten von Kan\u00e4len, die sich in einer Play-Group befinden, funktionierte bei Verwendung der F-Tasten nicht zuverl\u00e4ssig.<\/p>\n<p>&#8211; Mehrere Fehler in Verbindung mit den \u00e4lteren Fernbedienungen XK-84, XK-128 und dem TD-1 Display, wurden behoben.<\/p>\n<p>&#8211; Ein Fehler wurde behoben, der in dazu f\u00fchrte, dass bei Verwendung von \u00e4lteren X-Keys Fernbedienungen (Professional, Stick, XK-128, XK-84, XK-24), die Tastendr\u00fccke immer deutlich verz\u00f6gert in Teatro registriert wurden.<\/p>\n","protected":false},"excerpt":{"rendered":"<p>5.9.0==== &#8211; Das Setzen der Grid Option &#8220;Pixel-Scrolling&#8221; wurde an einen sp\u00e4teren Zeitpunkt w\u00e4hrend des Programmstarts verschoben, um sicher zu stellen, dass die Option zuverl\u00e4ssiger gesetzt wird. &#8211; Pegelanzeige im Mixer \u00fcberarbeitet. Die angezeigten Werte sind nun akurater und gleichm\u00e4ssiger verteilt. Die Bewegungen der Farbbalken sind weniger springend.Der RMS Wert wird nun \u00fcber einen gr\u00f6sseren &hellip; <a href=\"https:\/\/www.ros-software.de\/wpcms\/de\/teatro-4-versionsinfo\/\" class=\"more-link\">Continue reading <span class=\"screen-reader-text\">Teatro 4\/5 Versionsinfo<\/span><\/a><\/p>\n","protected":false},"author":2,"featured_media":0,"parent":0,"menu_order":0,"comment_status":"closed","ping_status":"closed","template":"","meta":{"footnotes":""},"class_list":["post-174","page","type-page","status-publish","hentry"],"_links":{"self":[{"href":"https:\/\/www.ros-software.de\/wpcms\/wp-json\/wp\/v2\/pages\/174","targetHints":{"allow":["GET"]}}],"collection":[{"href":"https:\/\/www.ros-software.de\/wpcms\/wp-json\/wp\/v2\/pages"}],"about":[{"href":"https:\/\/www.ros-software.de\/wpcms\/wp-json\/wp\/v2\/types\/page"}],"author":[{"embeddable":true,"href":"https:\/\/www.ros-software.de\/wpcms\/wp-json\/wp\/v2\/users\/2"}],"replies":[{"embeddable":true,"href":"https:\/\/www.ros-software.de\/wpcms\/wp-json\/wp\/v2\/comments?post=174"}],"version-history":[{"count":58,"href":"https:\/\/www.ros-software.de\/wpcms\/wp-json\/wp\/v2\/pages\/174\/revisions"}],"predecessor-version":[{"id":932,"href":"https:\/\/www.ros-software.de\/wpcms\/wp-json\/wp\/v2\/pages\/174\/revisions\/932"}],"wp:attachment":[{"href":"https:\/\/www.ros-software.de\/wpcms\/wp-json\/wp\/v2\/media?parent=174"}],"curies":[{"name":"wp","href":"https:\/\/api.w.org\/{rel}","templated":true}]}}