{"id":215,"date":"2018-01-29T16:49:14","date_gmt":"2018-01-29T16:49:14","guid":{"rendered":"http:\/\/www.ros-software.de\/wpcms\/?page_id=215"},"modified":"2024-02-11T17:01:58","modified_gmt":"2024-02-11T17:01:58","slug":"bestellen","status":"publish","type":"page","link":"https:\/\/www.ros-software.de\/wpcms\/de\/bestellen\/","title":{"rendered":"Bestellen"},"content":{"rendered":"<p><span class=\"rvts48\" style=\"font-size: 14px;\">Teatro wird weltweit direkt von R.O.S Software vertrieben.<br \/>\n<\/span><span class=\"rvts48\" style=\"font-size: 14px;\">Bitte besuchen Sie unseren <a href=\"https:\/\/www.ros-software.de\/shop\/\">Webshop<\/a> oder <\/span><span class=\"rvts48\" style=\"font-size: 14px;\">senden Sie uns eine <a href=\"mailto:sales@ros-software.de\">E-Mail<\/a>, mit Ihren Anforderungen an:<\/span><\/p>\n<p><span style=\"font-size: 14px;\"><a class=\"rvts52\" href=\"mailto:sales@ros-software.de\">sales@ros-software.de<\/a><\/span><\/p>\n<p><span class=\"rvts48\" style=\"font-size: 14px;\">Oder treten Sie telefonisch mit uns in Kontakt: +49 (0) 30 921 22 77 1<br \/>\n<\/span><span class=\"rvts48\" style=\"font-size: 14px;\">Wir beraten Sie gern pers\u00f6nlich und k\u00f6nnen Ihnen bei Bedarf auch ein Vorf\u00fchrsystem zum Testen zur Verf\u00fcgung stellen.<\/span><\/p>\n","protected":false},"excerpt":{"rendered":"<p>Teatro wird weltweit direkt von R.O.S Software vertrieben. Bitte besuchen Sie unseren Webshop oder senden Sie uns eine E-Mail, mit Ihren Anforderungen an: sales@ros-software.de Oder treten Sie telefonisch mit uns in Kontakt: +49 (0) 30 921 22 77 1 Wir beraten Sie gern pers\u00f6nlich und k\u00f6nnen Ihnen bei Bedarf auch ein Vorf\u00fchrsystem zum Testen zur &hellip; <a href=\"https:\/\/www.ros-software.de\/wpcms\/de\/bestellen\/\" class=\"more-link\">Continue reading <span class=\"screen-reader-text\">Bestellen<\/span><\/a><\/p>\n","protected":false},"author":2,"featured_media":0,"parent":0,"menu_order":0,"comment_status":"closed","ping_status":"closed","template":"","meta":{"footnotes":""},"class_list":["post-215","page","type-page","status-publish","hentry"],"_links":{"self":[{"href":"https:\/\/www.ros-software.de\/wpcms\/wp-json\/wp\/v2\/pages\/215","targetHints":{"allow":["GET"]}}],"collection":[{"href":"https:\/\/www.ros-software.de\/wpcms\/wp-json\/wp\/v2\/pages"}],"about":[{"href":"https:\/\/www.ros-software.de\/wpcms\/wp-json\/wp\/v2\/types\/page"}],"author":[{"embeddable":true,"href":"https:\/\/www.ros-software.de\/wpcms\/wp-json\/wp\/v2\/users\/2"}],"replies":[{"embeddable":true,"href":"https:\/\/www.ros-software.de\/wpcms\/wp-json\/wp\/v2\/comments?post=215"}],"version-history":[{"count":9,"href":"https:\/\/www.ros-software.de\/wpcms\/wp-json\/wp\/v2\/pages\/215\/revisions"}],"predecessor-version":[{"id":926,"href":"https:\/\/www.ros-software.de\/wpcms\/wp-json\/wp\/v2\/pages\/215\/revisions\/926"}],"wp:attachment":[{"href":"https:\/\/www.ros-software.de\/wpcms\/wp-json\/wp\/v2\/media?parent=215"}],"curies":[{"name":"wp","href":"https:\/\/api.w.org\/{rel}","templated":true}]}}