{"id":347,"date":"2018-01-31T17:20:54","date_gmt":"2018-01-31T17:20:54","guid":{"rendered":"http:\/\/www.ros-software.de\/wpcms\/?page_id=347"},"modified":"2018-02-01T13:20:58","modified_gmt":"2018-02-01T13:20:58","slug":"faq-de","status":"publish","type":"page","link":"https:\/\/www.ros-software.de\/wpcms\/de\/faq-de\/","title":{"rendered":"FAQ"},"content":{"rendered":"<p><span class=\"rvts48\" style=\"font-size: 14px;\"><strong>Q:<\/strong>\u00a0Welche Unterschiede bestehen zwischen Teatro 3 und Teatro 4?<br \/>\n<strong>A:<\/strong>\u00a0Teatro 4 ist eine komplette Neuentwicklung, da viele neue Funktionen und Ideen f\u00fcr kommende Versionen, auf Basis der bestehenden Teatro 3 nur sehr schwer zu realisieren gewesen w\u00e4ren. Ausserdem benutzt Teatro 4 eine neue Audioengine, die bereits jetzt viele neue Funktionen enth\u00e4lt, welche in Zukunft \u00fcber das Benutzerinterface erreichbar sein werden.<\/span><\/p>\n<p><span style=\"font-size: 14px;\"><strong>Q:<\/strong>\u00a0Was ist das besondere an der neuen Software?<\/span><br \/>\n<span style=\"font-size: 14px;\"> <strong>A:<\/strong>\u00a0Nach drei Jahren Entwicklungszeit, haben wir nun eine gut durchdachte modul-basierte Software, welche uns erm\u00f6glicht, weitere Funktionen schnell und einfach zu implementieren. Fehlerbeseitigungen welche in der Beta-Testphase schnell und umkompliziert vorgenommen werden konnten, haben best\u00e4tigt, dass sich der Aufwand gelohnt hat, den wir in die neue Version inverstiert haben.<\/span><\/p>\n<p><span class=\"rvts48\" style=\"font-size: 14px;\"><strong>Q:<\/strong>\u00a0Soll ich als Teatro 3 Benutzer unbedingt auf Teatro 4 wechseln?<br \/>\n<strong>A:<\/strong>\u00a0Wenn Sie mit der bisherigen Teatro 3 zufrieden sind, k\u00f6nnen Sie auch weiterhin damit arbeiten. Wir werden Sie auch weiterhin als Teatro 3 Benutzer unterst\u00fctzen. Die weitere Entwicklung an Teatro 3 haben wir beendet, kleinere Bugfixes sind, falls n\u00f6tig, jedoch noch m\u00f6glich.<\/span><\/p>\n<p><span style=\"font-size: 14px;\"><strong>Q:<\/strong>\u00a0Ist Teatro 4 &#8220;besser&#8221; oder &#8220;stabiler&#8221; im Vergleich zu Teatro 3?<\/span><br \/>\n<span style=\"font-size: 14px;\"> <strong>A:<\/strong>\u00a0Nein. Beide Programme sind gleichermassen stabil und zuverl\u00e4ssig. Teatro 4 hat aber zus\u00e4tzliche neue Eigenschaften, wie z.B. ASIO und VST Unterst\u00fctzung, wodurch sich nun eine breite Palette von auf dem Markt erh\u00e4ltlichen Audio-Interfaces mit Teatro benutzen l\u00e4sst. Ein weiterer wichtiger Grund f\u00fcr die Teatro 4 Entwicklung, war die Tatsache, dass Teatro 3 sehr limitiert war im Bezug auf die Anpassung der Programmoberfl\u00e4che an h\u00f6here Monitoraufl\u00f6sungen. Diese Einschr\u00e4nkungen gibt es in Teatro 4 nicht mehr, da sich die neue Oberfl\u00e4che fast beliebig vom Anwender konfigurieren l\u00e4sst.<\/span><\/p>\n<p><span style=\"font-size: 14px;\"><strong>Q:<\/strong>\u00a0Kann ich meine &#8220;alten&#8221; Fernbedienungen in Teatro 4 weiterbenutzen?<\/span><br \/>\n<span style=\"font-size: 14px;\"> <strong>A:<\/strong>\u00a0Ja, das ist m\u00f6glich. Wir haben den dazugeh\u00f6rigen Programmcode f\u00fcr die \u00e4lteren Remotes in Teatro 4 \u00fcbernommen und teilweise mit zus\u00e4tzlichen Erweiterungen versehen.<\/span><\/p>\n<p><span style=\"font-size: 14px;\"><strong>Q:<\/strong>\u00a0Kann ich meine bereits existierenden Teatro 3 Playlisten in Teatro 4 weiter benutzen?<\/span><br \/>\n<span style=\"font-size: 14px;\"> <strong>A:<\/strong>\u00a0Ja, das ist m\u00f6glich, aber die Playlisten m\u00fcssen zuvor mit der letzten Teatro 3.6.x Version abgespeichert worden sein. Es werden jedoch einige Parameter aus den Teatro 3 Playlisten nicht ausgewertet, wie z.B. die DSP-Effekte, da es diese in Teatro 4 nicht mehr gibt.<\/span><\/p>\n<p><span style=\"font-size: 14px;\"><strong>Q:<\/strong>\u00a0Kann ich Teatro 3 und Teatro 4 auf dem gleichen PC benutzen?<\/span><br \/>\n<span style=\"font-size: 14px;\"> <strong>A:<\/strong>\u00a0Ja, beide Versionen k\u00f6nnen auf dem selben PC benutzt werden, da jede Version seinen eigenen Ordner und seine eigenen Registry Eintr\u00e4ge verwendet.<\/span><\/p>\n","protected":false},"excerpt":{"rendered":"<p>Q:\u00a0Welche Unterschiede bestehen zwischen Teatro 3 und Teatro 4? A:\u00a0Teatro 4 ist eine komplette Neuentwicklung, da viele neue Funktionen und Ideen f\u00fcr kommende Versionen, auf Basis der bestehenden Teatro 3 nur sehr schwer zu realisieren gewesen w\u00e4ren. Ausserdem benutzt Teatro 4 eine neue Audioengine, die bereits jetzt viele neue Funktionen enth\u00e4lt, welche in Zukunft \u00fcber &hellip; <a href=\"https:\/\/www.ros-software.de\/wpcms\/de\/faq-de\/\" class=\"more-link\">Continue reading <span class=\"screen-reader-text\">FAQ<\/span><\/a><\/p>\n","protected":false},"author":2,"featured_media":0,"parent":0,"menu_order":0,"comment_status":"closed","ping_status":"closed","template":"","meta":{"footnotes":""},"class_list":["post-347","page","type-page","status-publish","hentry"],"_links":{"self":[{"href":"https:\/\/www.ros-software.de\/wpcms\/wp-json\/wp\/v2\/pages\/347","targetHints":{"allow":["GET"]}}],"collection":[{"href":"https:\/\/www.ros-software.de\/wpcms\/wp-json\/wp\/v2\/pages"}],"about":[{"href":"https:\/\/www.ros-software.de\/wpcms\/wp-json\/wp\/v2\/types\/page"}],"author":[{"embeddable":true,"href":"https:\/\/www.ros-software.de\/wpcms\/wp-json\/wp\/v2\/users\/2"}],"replies":[{"embeddable":true,"href":"https:\/\/www.ros-software.de\/wpcms\/wp-json\/wp\/v2\/comments?post=347"}],"version-history":[{"count":4,"href":"https:\/\/www.ros-software.de\/wpcms\/wp-json\/wp\/v2\/pages\/347\/revisions"}],"predecessor-version":[{"id":385,"href":"https:\/\/www.ros-software.de\/wpcms\/wp-json\/wp\/v2\/pages\/347\/revisions\/385"}],"wp:attachment":[{"href":"https:\/\/www.ros-software.de\/wpcms\/wp-json\/wp\/v2\/media?parent=347"}],"curies":[{"name":"wp","href":"https:\/\/api.w.org\/{rel}","templated":true}]}}