{"id":469,"date":"2018-02-16T15:43:34","date_gmt":"2018-02-16T15:43:34","guid":{"rendered":"http:\/\/www.ros-software.de\/wpcms\/?page_id=469"},"modified":"2018-02-16T15:49:22","modified_gmt":"2018-02-16T15:49:22","slug":"sponsoring-de","status":"publish","type":"page","link":"https:\/\/www.ros-software.de\/wpcms\/de\/sponsoring-de\/","title":{"rendered":"Sponsoring"},"content":{"rendered":"<p><span class=\"rvts48\" style=\"font-size: 14px;\">Wir unterst\u00fctzen nicht-kommerzielle Institutionen, akademische Einrichtungen, Schulen und Projekte, die nur \u00fcber einen eingeschr\u00e4nkten Etat verf\u00fcgen.\u00a0<\/span><span class=\"rvts48\" style=\"font-size: 14px;\">Erz\u00e4hlen Sie uns \u00fcber Ihr Vorhaben und wie Sie unsere Software einsetzen m\u00f6chten. Wir werden dann m\u00f6glicherweise Ihr Projekt mit einer kostenlosen Lizenz zu unterst\u00fctzen. Senden Sie einfach eine E-Mail an:<\/span><\/p>\n<p><span style=\"font-size: 14px;\"><a class=\"rvts52\" href=\"mailto:sponsoring@ros-software.de\">sponsoring@ros-software.de<\/a><\/span><\/p>\n","protected":false},"excerpt":{"rendered":"<p>Wir unterst\u00fctzen nicht-kommerzielle Institutionen, akademische Einrichtungen, Schulen und Projekte, die nur \u00fcber einen eingeschr\u00e4nkten Etat verf\u00fcgen.\u00a0Erz\u00e4hlen Sie uns \u00fcber Ihr Vorhaben und wie Sie unsere Software einsetzen m\u00f6chten. Wir werden dann m\u00f6glicherweise Ihr Projekt mit einer kostenlosen Lizenz zu unterst\u00fctzen. Senden Sie einfach eine E-Mail an: sponsoring@ros-software.de<\/p>\n","protected":false},"author":2,"featured_media":0,"parent":0,"menu_order":0,"comment_status":"closed","ping_status":"closed","template":"","meta":{"footnotes":""},"class_list":["post-469","page","type-page","status-publish","hentry"],"_links":{"self":[{"href":"https:\/\/www.ros-software.de\/wpcms\/wp-json\/wp\/v2\/pages\/469","targetHints":{"allow":["GET"]}}],"collection":[{"href":"https:\/\/www.ros-software.de\/wpcms\/wp-json\/wp\/v2\/pages"}],"about":[{"href":"https:\/\/www.ros-software.de\/wpcms\/wp-json\/wp\/v2\/types\/page"}],"author":[{"embeddable":true,"href":"https:\/\/www.ros-software.de\/wpcms\/wp-json\/wp\/v2\/users\/2"}],"replies":[{"embeddable":true,"href":"https:\/\/www.ros-software.de\/wpcms\/wp-json\/wp\/v2\/comments?post=469"}],"version-history":[{"count":4,"href":"https:\/\/www.ros-software.de\/wpcms\/wp-json\/wp\/v2\/pages\/469\/revisions"}],"predecessor-version":[{"id":479,"href":"https:\/\/www.ros-software.de\/wpcms\/wp-json\/wp\/v2\/pages\/469\/revisions\/479"}],"wp:attachment":[{"href":"https:\/\/www.ros-software.de\/wpcms\/wp-json\/wp\/v2\/media?parent=469"}],"curies":[{"name":"wp","href":"https:\/\/api.w.org\/{rel}","templated":true}]}}