{"id":518,"date":"2018-06-26T16:01:35","date_gmt":"2018-06-26T16:01:35","guid":{"rendered":"http:\/\/www.ros-software.de\/wpcms\/?page_id=518"},"modified":"2024-01-23T20:48:28","modified_gmt":"2024-01-23T20:48:28","slug":"ueberblick","status":"publish","type":"page","link":"https:\/\/www.ros-software.de\/wpcms\/de\/ueberblick\/","title":{"rendered":"\u00dcberblick"},"content":{"rendered":"<p><span class=\"rvts48\" style=\"font-size: 14px;\">Teatro 4 ist eine PC Software f\u00fcr Windows XP\/7\/10 zur Wiedergabe von Audiodateien w\u00e4hrend Theater, TV oder anderen Live Produktionen. Viele der vorhandenen Funktionen wurden auf Anregung von Anwendern\/Produktionsbetrieben implementiert. Teatro 4 verf\u00fcgt \u00fcber die folgenden grundlegenden M\u00f6glichkeiten und Features:<\/span><\/p>\n<ul class=\"ul_0_0\">\n<li class=\"li_0_0\"><span class=\"rvts48\" style=\"font-size: 14px;\">64 Wiedergabekan\u00e4le (stereo, mono, multiformat)<\/span><\/li>\n<li class=\"li_0_0\"><span class=\"rvts48\" style=\"font-size: 14px;\">Ausgabe der Audiosignale als symmetrisches analog- oder AES\/EBU Signal und MADI<\/span><\/li>\n<li class=\"li_0_0\"><span class=\"rvts48\" style=\"font-size: 14px;\">Standard WDM, WASAPI oder ASIO Soundkarten k\u00f6nnen benutzt werden<\/span><\/li>\n<li class=\"li_0_0\"><span class=\"rvts48\" style=\"font-size: 14px;\">Folgende Audioformate sind nutzbar: WAV, AIFF, FLAC, MP1, MP2, MP3, OGG, WMA u.a.<\/span><\/li>\n<li class=\"li_0_0\"><span class=\"rvts48\" style=\"font-size: 14px;\">Unterst\u00fctze Bit- und Sampleraten: 16, 24, 32Bit mit 44,1Khz, 48KHz, 96KHz, 192KHz<\/span><\/li>\n<li class=\"li_0_0\"><span class=\"rvts48\" style=\"font-size: 14px;\">Unterst\u00fctzung von mehrkanaligen (Quadro, Surround 5.1 oder 7.1) WAV oder OGG Dateien<\/span><\/li>\n<li class=\"li_0_0\"><span class=\"rvts48\" style=\"font-size: 14px;\">Jeder Kanal verf\u00fcgt \u00fcber Ausgangsanwahl, Level, Panorama und Varispeed<\/span><\/li>\n<li class=\"li_0_0\"><span class=\"rvts48\" style=\"font-size: 14px;\">2 VST Effekte k\u00f6nnen pro Kanal benutzt werden<\/span><\/li>\n<li class=\"li_0_0\"><span class=\"rvts48\" style=\"font-size: 14px;\">Kan\u00e4le k\u00f6nnen zu Play-Gruppen zusammengefasst und durch einen Tastendruck gesteuert werden<\/span><\/li>\n<li class=\"li_0_0\"><span class=\"rvts48\" style=\"font-size: 14px;\">Stop-Gruppen k\u00f6nnen erzeugt werden, um Kan\u00e4le zu stoppen, wenn andere Kan\u00e4le starten<\/span><\/li>\n<li class=\"li_0_0\"><span class=\"rvts48\" style=\"font-size: 14px;\">Abspielfunktionen: Start\/Stop, Restart, Loop, Pause, Play while hold, Jump to next, Autostart<\/span><\/li>\n<li class=\"li_0_0\"><span class=\"rvts48\" style=\"font-size: 14px;\">Wiedergabebereiche (Ranges) k\u00f6nnen f\u00fcr jeden Kanal eingestellt werden<\/span><\/li>\n<li class=\"li_0_0\"><span class=\"rvts48\" style=\"font-size: 14px;\">Auto-Cue Function \u00fcberspringt stille Bereiche am Anfang eines Sounds<\/span><\/li>\n<li class=\"li_0_0\"><span class=\"rvts48\" style=\"font-size: 14px;\">Programmierbare Ein- und Ausblenden<\/span><\/li>\n<li class=\"li_0_0\"><span class=\"rvts48\" style=\"font-size: 14px;\">Der gesamte Ablauf kann \u00fcber &#8216;N\u00e4chstes Preset&#8217; bzw. &#8216;Voriges Preset&#8217; Funktion gesteuert werden<\/span><\/li>\n<li class=\"li_0_0\"><span class=\"rvts48\" style=\"font-size: 14px;\">Abspielposition direkt w\u00e4hlbar innerhalb des Fortschrittsbalkens f\u00fcr jeden Kanal<\/span><\/li>\n<li class=\"li_0_0\"><span class=\"rvts48\" style=\"font-size: 14px;\">Pro Kanal kann eine Liste mit mehreren hundert Sounds f\u00fcr schnellen Zugriff geladen werden<\/span><\/li>\n<li class=\"li_0_0\"><span class=\"rvts48\" style=\"font-size: 14px;\">S\u00e4mtliche Abspielparameter k\u00f6nnen in Presets abgespeichert bzw. eingeladen werden<\/span><\/li>\n<li class=\"li_0_0\"><span class=\"rvts48\" style=\"font-size: 14px;\">Bis zu 100 Presets k\u00f6nnen erzeugt und als Playlist abgespeichert werden<\/span><\/li>\n<li class=\"li_0_0\"><span class=\"rvts48\" style=\"font-size: 14px;\">Schnellauswahl und automatisches Laden der zuletzt benutzten Playliste<\/span><\/li>\n<li class=\"li_0_0\"><span class=\"rvts48\" style=\"font-size: 14px;\">Benutzerdefinierbare Layouts (Farben, Gr\u00f6ssen, Positionen, Sichtbarkeit von Parametern)<\/span><\/li>\n<li class=\"li_0_0\"><span class=\"rvts48\" style=\"font-size: 14px;\">Logging Funktion zur Erfassung der Gesamtspielzeiten der benutzten Sounds\/Songs<\/span><\/li>\n<li class=\"li_0_0\"><span class=\"rvts48\" style=\"font-size: 14px;\">Backup\/Restore Funktion f\u00fcr die Sicherung kompletter Projekte<\/span><\/li>\n<li class=\"li_0_0\"><span class=\"rvts48\" style=\"font-size: 14px;\">CD Ripping Funktion f\u00fcr das Erzeugen von WAV Dateien direkt von CD<\/span><\/li>\n<li class=\"li_0_0\"><span class=\"rvts48\" style=\"font-size: 14px;\">Automatische Track-Benamung \u00fcber CDDB Server beim CD-Ripping<\/span><\/li>\n<li class=\"li_0_0\"><span class=\"rvts48\" style=\"font-size: 14px;\">Sound Vorh\u00f6ren und Sound Suche Dialog<\/span><\/li>\n<li class=\"li_0_0\"><span class=\"rvts48\" style=\"font-size: 14px;\">Steuerung \u00fcber externe Controller: 3 x 24 GPI Eing\u00e4nge, RS232, MIDI IN und MTC<\/span><\/li>\n<li class=\"li_0_0\"><span class=\"rvts48\" style=\"font-size: 14px;\">Steuerung \u00fcber speziell f\u00fcr Teatro entwickelte Remote Control Fernbedienungen<\/span><\/li>\n<li class=\"li_0_0\"><span class=\"rvts48\" style=\"font-size: 14px;\">Abspielen von Sounds kann MIDI OUT und GPO Signale f\u00fcr die Steuerung externer Ger\u00e4te erzeugen<\/span><\/li>\n<li class=\"li_0_0\"><span class=\"rvts48\" style=\"font-size: 14px;\">MIDI Out sendet Note On\/Off und Program Change Signale<\/span><\/li>\n<li class=\"li_0_0\"><span class=\"rvts48\" style=\"font-size: 14px;\">Jeder Kanal besitzt eine Cue-Liste zum erzeugen verschiedener Kontrollbefehle<\/span><\/li>\n<li class=\"li_0_0\"><span class=\"rvts48\" style=\"font-size: 14px;\">Integrierter Audio Editor und Bereichseditor<\/span><\/li>\n<li class=\"li_0_0\"><span class=\"rvts48\" style=\"font-size: 14px;\">Sounds k\u00f6nnen direkt aus Teatro heraus in externen Audiobearbeitungsprogrammen ge\u00f6ffnet werden<\/span><\/li>\n<\/ul>\n","protected":false},"excerpt":{"rendered":"<p>Teatro 4 ist eine PC Software f\u00fcr Windows XP\/7\/10 zur Wiedergabe von Audiodateien w\u00e4hrend Theater, TV oder anderen Live Produktionen. Viele der vorhandenen Funktionen wurden auf Anregung von Anwendern\/Produktionsbetrieben implementiert. Teatro 4 verf\u00fcgt \u00fcber die folgenden grundlegenden M\u00f6glichkeiten und Features: 64 Wiedergabekan\u00e4le (stereo, mono, multiformat) Ausgabe der Audiosignale als symmetrisches analog- oder AES\/EBU Signal und &hellip; <a href=\"https:\/\/www.ros-software.de\/wpcms\/de\/ueberblick\/\" class=\"more-link\">Continue reading <span class=\"screen-reader-text\">\u00dcberblick<\/span><\/a><\/p>\n","protected":false},"author":2,"featured_media":0,"parent":0,"menu_order":0,"comment_status":"closed","ping_status":"closed","template":"","meta":{"footnotes":""},"class_list":["post-518","page","type-page","status-publish","hentry"],"_links":{"self":[{"href":"https:\/\/www.ros-software.de\/wpcms\/wp-json\/wp\/v2\/pages\/518","targetHints":{"allow":["GET"]}}],"collection":[{"href":"https:\/\/www.ros-software.de\/wpcms\/wp-json\/wp\/v2\/pages"}],"about":[{"href":"https:\/\/www.ros-software.de\/wpcms\/wp-json\/wp\/v2\/types\/page"}],"author":[{"embeddable":true,"href":"https:\/\/www.ros-software.de\/wpcms\/wp-json\/wp\/v2\/users\/2"}],"replies":[{"embeddable":true,"href":"https:\/\/www.ros-software.de\/wpcms\/wp-json\/wp\/v2\/comments?post=518"}],"version-history":[{"count":4,"href":"https:\/\/www.ros-software.de\/wpcms\/wp-json\/wp\/v2\/pages\/518\/revisions"}],"predecessor-version":[{"id":911,"href":"https:\/\/www.ros-software.de\/wpcms\/wp-json\/wp\/v2\/pages\/518\/revisions\/911"}],"wp:attachment":[{"href":"https:\/\/www.ros-software.de\/wpcms\/wp-json\/wp\/v2\/media?parent=518"}],"curies":[{"name":"wp","href":"https:\/\/api.w.org\/{rel}","templated":true}]}}